{"id":12,"date":"2021-06-07T11:56:30","date_gmt":"2021-06-07T09:56:30","guid":{"rendered":"http:\/\/shop.zgjm.sk\/?post_type=product&#038;p=12"},"modified":"2021-06-28T20:23:23","modified_gmt":"2021-06-28T18:23:23","slug":"ars-51","status":"publish","type":"product","link":"http:\/\/shop.zgjm.sk\/en\/product\/ars-51\/","title":{"rendered":"ARS 51"},"content":{"rendered":"<p class=\"p1\">Projekt ARS 51 je pripomienkou hlbok\u00fdch geopolitick\u00fdch, soci\u00e1lnych a kult\u00farnych v\u00e4zieb, ktor\u00e9 sp\u00e1jaj\u00fa juhoz\u00e1padn\u00e9 Slovensko a\u00a0juhov\u00fdchodn\u00fa Moravu. Oba pohrani\u010dn\u00e9 regi\u00f3ny le\u017eia na prastarej obchodnej ceste Via Bohemica. Dnes t\u00fato trasu sleduje cesta I. triedy \u010d. 51. Po ceste pr\u00fadi tovar, ale aj umenie (ako \u0161pecifick\u00fd druh tovaru). Tento predstavuj\u00fa \u0161tyria autori \u2013 umelci z\u00a0pri\u013eahl\u00fdch regi\u00f3nov z oboch str\u00e1n hranice. Kolekt\u00edvna v\u00fdstava bola symbolicky realizovan\u00e1 priamo v\u00a0are\u00e1li b\u00fdvalej colnice na hrani\u010dnom priechode Hol\u00ed\u010d &#8211; Hodon\u00edn.<\/p>","protected":false},"excerpt":{"rendered":"<p class=\"p1\">Katal\u00f3g kolekt\u00edvnej v\u00fdstavy Denisy Bogdal\u00edkovej, Petra Bulavu, Petra \u0160elca a Romana \u0160afr\u00e1neka v are\u00e1li b\u00fdvalej colnice v roku 2015.<\/p>\n<p class=\"p1\">","protected":false},"featured_media":27,"template":"","meta":[],"product_brand":[],"product_cat":[16],"product_tag":[],"class_list":{"0":"post-12","1":"product","2":"type-product","3":"status-publish","4":"has-post-thumbnail","6":"product_cat-katalog","8":"first","9":"instock","10":"taxable","11":"shipping-taxable","12":"purchasable","13":"product-type-simple"},"_links":{"self":[{"href":"http:\/\/shop.zgjm.sk\/en\/wp-json\/wp\/v2\/product\/12","targetHints":{"allow":["GET"]}}],"collection":[{"href":"http:\/\/shop.zgjm.sk\/en\/wp-json\/wp\/v2\/product"}],"about":[{"href":"http:\/\/shop.zgjm.sk\/en\/wp-json\/wp\/v2\/types\/product"}],"version-history":[{"count":2,"href":"http:\/\/shop.zgjm.sk\/en\/wp-json\/wp\/v2\/product\/12\/revisions"}],"predecessor-version":[{"id":359,"href":"http:\/\/shop.zgjm.sk\/en\/wp-json\/wp\/v2\/product\/12\/revisions\/359"}],"wp:featuredmedia":[{"embeddable":true,"href":"http:\/\/shop.zgjm.sk\/en\/wp-json\/wp\/v2\/media\/27"}],"wp:attachment":[{"href":"http:\/\/shop.zgjm.sk\/en\/wp-json\/wp\/v2\/media?parent=12"}],"wp:term":[{"taxonomy":"product_brand","embeddable":true,"href":"http:\/\/shop.zgjm.sk\/en\/wp-json\/wp\/v2\/product_brand?post=12"},{"taxonomy":"product_cat","embeddable":true,"href":"http:\/\/shop.zgjm.sk\/en\/wp-json\/wp\/v2\/product_cat?post=12"},{"taxonomy":"product_tag","embeddable":true,"href":"http:\/\/shop.zgjm.sk\/en\/wp-json\/wp\/v2\/product_tag?post=12"}],"curies":[{"name":"wp","href":"https:\/\/api.w.org\/{rel}","templated":true}]}}