{"id":13,"date":"2021-06-07T11:56:30","date_gmt":"2021-06-07T09:56:30","guid":{"rendered":"http:\/\/shop.zgjm.sk\/?post_type=product&#038;p=13"},"modified":"2021-06-28T20:22:52","modified_gmt":"2021-06-28T18:22:52","slug":"asymetrie","status":"publish","type":"product","link":"http:\/\/shop.zgjm.sk\/en\/product\/asymetrie\/","title":{"rendered":"aSYMETRIE"},"content":{"rendered":"<p class=\"p1\"><b>ASYMETRIE. Miroslava Trizuljakova a Marek Trizuljak<\/b><\/p>\n<p class=\"p1\">Katal\u00f3g je prezent\u00e1ciou desa\u0165ro\u010dnej tvorby man\u017eelov Trizuljakovcov.<\/p>","protected":false},"excerpt":{"rendered":"<p>Desa\u0165 rokov tvorby man\u017eelov Trizuljakovcov.<\/p>","protected":false},"featured_media":28,"template":"","meta":[],"product_brand":[],"product_cat":[16],"product_tag":[20,26],"class_list":{"0":"post-13","1":"product","2":"type-product","3":"status-publish","4":"has-post-thumbnail","6":"product_cat-katalog","7":"product_tag-malba","8":"product_tag-plastika","10":"first","11":"instock","12":"taxable","13":"shipping-taxable","14":"purchasable","15":"product-type-simple"},"_links":{"self":[{"href":"http:\/\/shop.zgjm.sk\/en\/wp-json\/wp\/v2\/product\/13","targetHints":{"allow":["GET"]}}],"collection":[{"href":"http:\/\/shop.zgjm.sk\/en\/wp-json\/wp\/v2\/product"}],"about":[{"href":"http:\/\/shop.zgjm.sk\/en\/wp-json\/wp\/v2\/types\/product"}],"version-history":[{"count":2,"href":"http:\/\/shop.zgjm.sk\/en\/wp-json\/wp\/v2\/product\/13\/revisions"}],"predecessor-version":[{"id":110,"href":"http:\/\/shop.zgjm.sk\/en\/wp-json\/wp\/v2\/product\/13\/revisions\/110"}],"wp:featuredmedia":[{"embeddable":true,"href":"http:\/\/shop.zgjm.sk\/en\/wp-json\/wp\/v2\/media\/28"}],"wp:attachment":[{"href":"http:\/\/shop.zgjm.sk\/en\/wp-json\/wp\/v2\/media?parent=13"}],"wp:term":[{"taxonomy":"product_brand","embeddable":true,"href":"http:\/\/shop.zgjm.sk\/en\/wp-json\/wp\/v2\/product_brand?post=13"},{"taxonomy":"product_cat","embeddable":true,"href":"http:\/\/shop.zgjm.sk\/en\/wp-json\/wp\/v2\/product_cat?post=13"},{"taxonomy":"product_tag","embeddable":true,"href":"http:\/\/shop.zgjm.sk\/en\/wp-json\/wp\/v2\/product_tag?post=13"}],"curies":[{"name":"wp","href":"https:\/\/api.w.org\/{rel}","templated":true}]}}