{"id":14,"date":"2021-06-07T11:56:30","date_gmt":"2021-06-07T09:56:30","guid":{"rendered":"http:\/\/shop.zgjm.sk\/?post_type=product&#038;p=14"},"modified":"2021-06-28T20:22:26","modified_gmt":"2021-06-28T18:22:26","slug":"milos-balgavy","status":"publish","type":"product","link":"http:\/\/shop.zgjm.sk\/en\/product\/milos-balgavy\/","title":{"rendered":"Milo\u0161 Balgav\u00fd"},"content":{"rendered":"<p class=\"p1\"><b>Milo\u0161 Balgav\u00fd &#8211; keramika, vo\u013en\u00e1 tvorba a dizajn<\/b><b><\/b><\/p>\n<p class=\"p3\">Publik\u00e1cia pribli\u017euje \u0161ir\u0161iemu publiku tvorbu keramik\u00e1ra M. Balgav\u00e9ho, poukazuje na nepoznan\u00e9 roviny jeho inven\u010dnej tvorby a\u00a0zd\u00f4raz\u0148uje v\u00fdznam rozsiahleho keramick\u00e9ho diela autora<span class=\"Apple-converted-space\">\u00a0 <\/span>v\u00a0slovenskom v\u00fdtvarnom kontexte. Publik\u00e1cia je prierezom umelcovho celo\u017eivotn\u00e9ho diela s\u00a0bohatou farebnou a\u00a0\u010diernobielou fotodokument\u00e1ciou.<\/p>","protected":false},"excerpt":{"rendered":"<p>Celo\u017eivotn\u00e9 dielo keramik\u00e1ra Milo\u0161a Balgav\u00e9ho.<\/p>","protected":false},"featured_media":29,"template":"","meta":[],"product_brand":[],"product_cat":[17],"product_tag":[23,25],"class_list":{"0":"post-14","1":"product","2":"type-product","3":"status-publish","4":"has-post-thumbnail","6":"product_cat-monografia","7":"product_tag-dizajn","8":"product_tag-keramika","10":"first","11":"instock","12":"taxable","13":"shipping-taxable","14":"purchasable","15":"product-type-simple"},"_links":{"self":[{"href":"http:\/\/shop.zgjm.sk\/en\/wp-json\/wp\/v2\/product\/14","targetHints":{"allow":["GET"]}}],"collection":[{"href":"http:\/\/shop.zgjm.sk\/en\/wp-json\/wp\/v2\/product"}],"about":[{"href":"http:\/\/shop.zgjm.sk\/en\/wp-json\/wp\/v2\/types\/product"}],"version-history":[{"count":4,"href":"http:\/\/shop.zgjm.sk\/en\/wp-json\/wp\/v2\/product\/14\/revisions"}],"predecessor-version":[{"id":357,"href":"http:\/\/shop.zgjm.sk\/en\/wp-json\/wp\/v2\/product\/14\/revisions\/357"}],"wp:featuredmedia":[{"embeddable":true,"href":"http:\/\/shop.zgjm.sk\/en\/wp-json\/wp\/v2\/media\/29"}],"wp:attachment":[{"href":"http:\/\/shop.zgjm.sk\/en\/wp-json\/wp\/v2\/media?parent=14"}],"wp:term":[{"taxonomy":"product_brand","embeddable":true,"href":"http:\/\/shop.zgjm.sk\/en\/wp-json\/wp\/v2\/product_brand?post=14"},{"taxonomy":"product_cat","embeddable":true,"href":"http:\/\/shop.zgjm.sk\/en\/wp-json\/wp\/v2\/product_cat?post=14"},{"taxonomy":"product_tag","embeddable":true,"href":"http:\/\/shop.zgjm.sk\/en\/wp-json\/wp\/v2\/product_tag?post=14"}],"curies":[{"name":"wp","href":"https:\/\/api.w.org\/{rel}","templated":true}]}}