{"id":15,"date":"2021-06-07T11:56:31","date_gmt":"2021-06-07T09:56:31","guid":{"rendered":"http:\/\/shop.zgjm.sk\/?post_type=product&#038;p=15"},"modified":"2021-06-28T20:21:54","modified_gmt":"2021-06-28T18:21:54","slug":"olga-bartosikova","status":"publish","type":"product","link":"http:\/\/shop.zgjm.sk\/en\/product\/olga-bartosikova\/","title":{"rendered":"O\u013ega Barto\u0161\u00edkov\u00e1"},"content":{"rendered":"<p class=\"p3\">Monografick\u00e9 dielo vych\u00e1dza k\u00a096. narodenin\u00e1m maliarky. Na 222 stran\u00e1ch publik\u00e1cie s\u00a0farebn\u00fdmi a\u00a0\u010diernobielymi reprodukciami sa \u010ditate\u013eovi otv\u00e1ra panor\u00e1ma viac ako sedemdesiat rokov trvaj\u00facej celo\u017eivotnej tvorby. Publik\u00e1cia je rozdelen\u00e1 do troch z\u00e1kladn\u00fdch \u010dast\u00ed: kresba, ma\u013eba a\u00a0monument\u00e1lna tvorba.<span class=\"Apple-converted-space\">\u00a0<\/span><\/p>\n<p><a href=\"http:\/\/www.olgabartosikova.sk\" target=\"_blank\" rel=\"noopener\"><span class=\"s1\">www.olgabartosikova.sk<\/span><\/a><\/p>","protected":false},"excerpt":{"rendered":"<p>Monografia k 96. narodenin\u00e1m maliarky.<\/p>","protected":false},"featured_media":30,"template":"","meta":[],"product_brand":[],"product_cat":[17],"product_tag":[20,24],"class_list":{"0":"post-15","1":"product","2":"type-product","3":"status-publish","4":"has-post-thumbnail","6":"product_cat-monografia","7":"product_tag-malba","8":"product_tag-monumentalna_tvorba","10":"first","11":"instock","12":"taxable","13":"shipping-taxable","14":"purchasable","15":"product-type-simple"},"_links":{"self":[{"href":"http:\/\/shop.zgjm.sk\/en\/wp-json\/wp\/v2\/product\/15","targetHints":{"allow":["GET"]}}],"collection":[{"href":"http:\/\/shop.zgjm.sk\/en\/wp-json\/wp\/v2\/product"}],"about":[{"href":"http:\/\/shop.zgjm.sk\/en\/wp-json\/wp\/v2\/types\/product"}],"version-history":[{"count":2,"href":"http:\/\/shop.zgjm.sk\/en\/wp-json\/wp\/v2\/product\/15\/revisions"}],"predecessor-version":[{"id":356,"href":"http:\/\/shop.zgjm.sk\/en\/wp-json\/wp\/v2\/product\/15\/revisions\/356"}],"wp:featuredmedia":[{"embeddable":true,"href":"http:\/\/shop.zgjm.sk\/en\/wp-json\/wp\/v2\/media\/30"}],"wp:attachment":[{"href":"http:\/\/shop.zgjm.sk\/en\/wp-json\/wp\/v2\/media?parent=15"}],"wp:term":[{"taxonomy":"product_brand","embeddable":true,"href":"http:\/\/shop.zgjm.sk\/en\/wp-json\/wp\/v2\/product_brand?post=15"},{"taxonomy":"product_cat","embeddable":true,"href":"http:\/\/shop.zgjm.sk\/en\/wp-json\/wp\/v2\/product_cat?post=15"},{"taxonomy":"product_tag","embeddable":true,"href":"http:\/\/shop.zgjm.sk\/en\/wp-json\/wp\/v2\/product_tag?post=15"}],"curies":[{"name":"wp","href":"https:\/\/api.w.org\/{rel}","templated":true}]}}