{"id":16,"date":"2021-06-07T11:56:31","date_gmt":"2021-06-07T09:56:31","guid":{"rendered":"http:\/\/shop.zgjm.sk\/?post_type=product&#038;p=16"},"modified":"2026-02-08T10:31:08","modified_gmt":"2026-02-08T08:31:08","slug":"jozef-kostka_dielo-v-case","status":"publish","type":"product","link":"http:\/\/shop.zgjm.sk\/en\/product\/jozef-kostka_dielo-v-case\/","title":{"rendered":"Jozef Kostka &#8211; Dielo v \u010dase"},"content":{"rendered":"<p class=\"p3\">Zborn\u00edk pr\u00edspevkov zo symp\u00f3zia pri pr\u00edle\u017eitosti jubilejnej v\u00fdstavy k\u00a0100. v\u00fdro\u010diu narodenia umelca je \u010dlenen\u00fd do kapitol, ktor\u00e9 n\u00e1s sprev\u00e1dzaj\u00fa \u017eivotom a\u00a0dielom soch\u00e1ra. Celo\u017eivotn\u00e9 soch\u00e1rske a\u00a0kresliarske dielo profesora Jozefa Kostku patr\u00ed k\u00a0z\u00e1kladn\u00fdm a neodmyslite\u013en\u00fdm hodnot\u00e1m slovensk\u00e9ho soch\u00e1rstva 20. storo\u010dia. Publik\u00e1cia je doplnen\u00e1 bohatou fotografickou dokument\u00e1ciou.<span class=\"Apple-converted-space\">\u00a0<\/span><\/p>","protected":false},"excerpt":{"rendered":"<p>Celo\u017eivotn\u00e9 soch\u00e1rske a kresliarske dielo profesora Jozefa Kostku.<\/p>","protected":false},"featured_media":31,"template":"","meta":[],"product_brand":[],"product_cat":[18],"product_tag":[22,21],"class_list":{"0":"post-16","1":"product","2":"type-product","3":"status-publish","4":"has-post-thumbnail","6":"product_cat-zbornik","7":"product_tag-kresba","8":"product_tag-socha","10":"first","11":"instock","12":"taxable","13":"shipping-taxable","14":"purchasable","15":"product-type-simple"},"_links":{"self":[{"href":"http:\/\/shop.zgjm.sk\/en\/wp-json\/wp\/v2\/product\/16","targetHints":{"allow":["GET"]}}],"collection":[{"href":"http:\/\/shop.zgjm.sk\/en\/wp-json\/wp\/v2\/product"}],"about":[{"href":"http:\/\/shop.zgjm.sk\/en\/wp-json\/wp\/v2\/types\/product"}],"version-history":[{"count":3,"href":"http:\/\/shop.zgjm.sk\/en\/wp-json\/wp\/v2\/product\/16\/revisions"}],"predecessor-version":[{"id":355,"href":"http:\/\/shop.zgjm.sk\/en\/wp-json\/wp\/v2\/product\/16\/revisions\/355"}],"wp:featuredmedia":[{"embeddable":true,"href":"http:\/\/shop.zgjm.sk\/en\/wp-json\/wp\/v2\/media\/31"}],"wp:attachment":[{"href":"http:\/\/shop.zgjm.sk\/en\/wp-json\/wp\/v2\/media?parent=16"}],"wp:term":[{"taxonomy":"product_brand","embeddable":true,"href":"http:\/\/shop.zgjm.sk\/en\/wp-json\/wp\/v2\/product_brand?post=16"},{"taxonomy":"product_cat","embeddable":true,"href":"http:\/\/shop.zgjm.sk\/en\/wp-json\/wp\/v2\/product_cat?post=16"},{"taxonomy":"product_tag","embeddable":true,"href":"http:\/\/shop.zgjm.sk\/en\/wp-json\/wp\/v2\/product_tag?post=16"}],"curies":[{"name":"wp","href":"https:\/\/api.w.org\/{rel}","templated":true}]}}