{"id":17,"date":"2021-06-07T11:56:31","date_gmt":"2021-06-07T09:56:31","guid":{"rendered":"http:\/\/shop.zgjm.sk\/?post_type=product&#038;p=17"},"modified":"2021-06-28T20:20:39","modified_gmt":"2021-06-28T18:20:39","slug":"rudolf-janak_paralelny-pribeh","status":"publish","type":"product","link":"http:\/\/shop.zgjm.sk\/en\/product\/rudolf-janak_paralelny-pribeh\/","title":{"rendered":"Rudolf Jan\u00e1k &#8211; Paraleln\u00fd pr\u00edbeh"},"content":{"rendered":"<p class=\"p3\">Sprievodn\u00fd katal\u00f3g k\u00a0v\u00fdstave mlad\u00e9ho senick\u00e9ho autora \u0161tuduj\u00faceho na AVU v\u00a0Prahe (ateli\u00e9r M. Rittsteina). Komorn\u00e9 i\u00a0ve\u013ekoform\u00e1tov\u00e9 obrazy zachyt\u00e1vaj\u00fa autorovu spove\u010f k\u00a0pre\u017eit\u00fdm \u017eivotn\u00fdm udalostiam, s\u00fa vyjadren\u00edm umelcov\u00fdch spomienok a\u00a0poukazuj\u00fa na rados\u0165 z\u00a0ma\u013eby.<\/p>","protected":false},"excerpt":{"rendered":"<p>Katal\u00f3g k v\u00fdstave Rudolfa Jan\u00e1ka.<\/p>","protected":false},"featured_media":32,"template":"","meta":[],"product_brand":[],"product_cat":[16],"product_tag":[],"class_list":{"0":"post-17","1":"product","2":"type-product","3":"status-publish","4":"has-post-thumbnail","6":"product_cat-katalog","8":"first","9":"instock","10":"taxable","11":"shipping-taxable","12":"purchasable","13":"product-type-simple"},"_links":{"self":[{"href":"http:\/\/shop.zgjm.sk\/en\/wp-json\/wp\/v2\/product\/17","targetHints":{"allow":["GET"]}}],"collection":[{"href":"http:\/\/shop.zgjm.sk\/en\/wp-json\/wp\/v2\/product"}],"about":[{"href":"http:\/\/shop.zgjm.sk\/en\/wp-json\/wp\/v2\/types\/product"}],"version-history":[{"count":4,"href":"http:\/\/shop.zgjm.sk\/en\/wp-json\/wp\/v2\/product\/17\/revisions"}],"predecessor-version":[{"id":354,"href":"http:\/\/shop.zgjm.sk\/en\/wp-json\/wp\/v2\/product\/17\/revisions\/354"}],"wp:featuredmedia":[{"embeddable":true,"href":"http:\/\/shop.zgjm.sk\/en\/wp-json\/wp\/v2\/media\/32"}],"wp:attachment":[{"href":"http:\/\/shop.zgjm.sk\/en\/wp-json\/wp\/v2\/media?parent=17"}],"wp:term":[{"taxonomy":"product_brand","embeddable":true,"href":"http:\/\/shop.zgjm.sk\/en\/wp-json\/wp\/v2\/product_brand?post=17"},{"taxonomy":"product_cat","embeddable":true,"href":"http:\/\/shop.zgjm.sk\/en\/wp-json\/wp\/v2\/product_cat?post=17"},{"taxonomy":"product_tag","embeddable":true,"href":"http:\/\/shop.zgjm.sk\/en\/wp-json\/wp\/v2\/product_tag?post=17"}],"curies":[{"name":"wp","href":"https:\/\/api.w.org\/{rel}","templated":true}]}}