{"id":18,"date":"2021-06-07T11:56:31","date_gmt":"2021-06-07T09:56:31","guid":{"rendered":"http:\/\/shop.zgjm.sk\/?post_type=product&#038;p=18"},"modified":"2026-02-08T10:31:08","modified_gmt":"2026-02-08T08:31:08","slug":"karol-molnar-obrazy","status":"publish","type":"product","link":"http:\/\/shop.zgjm.sk\/en\/product\/karol-molnar-obrazy\/","title":{"rendered":"Karol Moln\u00e1r &#8211; obrazy"},"content":{"rendered":"<p class=\"p1\"><b>Karol Moln\u00e1r &#8211; obrazy z \u010ceska, Franc\u00fazska, Anglicka a Slovenska<\/b><\/p>\n<p class=\"p1\">Katal\u00f3g bol vydan\u00fd k\u00a0jubilejnej v\u00fdstave Karola Moln\u00e1ra \u2013 k 115. v\u00fdro\u010diu narodenia umelca, k 100. v\u00fdro\u010diu vzniku \u010ceskoslovenskej republiky a k 25. v\u00fdro\u010diu<span class=\"Apple-converted-space\">\u00a0 <\/span>vzniku Slovenskej republiky v\u00a0cykle Umelci Z\u00e1horia. Verejnos\u0165 mala mo\u017enos\u0165<span class=\"Apple-converted-space\">\u00a0 <\/span>obozn\u00e1mi\u0165 sa s\u00a0celo\u017eivotn\u00fdm dielom umelca. Obrazy boli zapo\u017ei\u010dan\u00e9 v\u00fdhradne zo s\u00fakromn\u00fdch zbierok. Katal\u00f3g obsahuje p\u00fatavo spracovan\u00fd \u017eivotopis umelca. S\u00fa\u010das\u0165ou je bohat\u00e1 obrazov\u00e1 fotodokument\u00e1cia.<span class=\"Apple-converted-space\">\u00a0<\/span><\/p>","protected":false},"excerpt":{"rendered":"<p>P\u00fatavo spracovan\u00fd \u017eivotopis umelca a dokument\u00e1cia jeho celo\u017eivotn\u00e9ho diela.<\/p>","protected":false},"featured_media":33,"template":"","meta":[],"product_brand":[],"product_cat":[17],"product_tag":[20],"class_list":{"0":"post-18","1":"product","2":"type-product","3":"status-publish","4":"has-post-thumbnail","6":"product_cat-monografia","7":"product_tag-malba","9":"first","10":"instock","11":"taxable","12":"shipping-taxable","13":"purchasable","14":"product-type-simple"},"_links":{"self":[{"href":"http:\/\/shop.zgjm.sk\/en\/wp-json\/wp\/v2\/product\/18","targetHints":{"allow":["GET"]}}],"collection":[{"href":"http:\/\/shop.zgjm.sk\/en\/wp-json\/wp\/v2\/product"}],"about":[{"href":"http:\/\/shop.zgjm.sk\/en\/wp-json\/wp\/v2\/types\/product"}],"version-history":[{"count":4,"href":"http:\/\/shop.zgjm.sk\/en\/wp-json\/wp\/v2\/product\/18\/revisions"}],"predecessor-version":[{"id":352,"href":"http:\/\/shop.zgjm.sk\/en\/wp-json\/wp\/v2\/product\/18\/revisions\/352"}],"wp:featuredmedia":[{"embeddable":true,"href":"http:\/\/shop.zgjm.sk\/en\/wp-json\/wp\/v2\/media\/33"}],"wp:attachment":[{"href":"http:\/\/shop.zgjm.sk\/en\/wp-json\/wp\/v2\/media?parent=18"}],"wp:term":[{"taxonomy":"product_brand","embeddable":true,"href":"http:\/\/shop.zgjm.sk\/en\/wp-json\/wp\/v2\/product_brand?post=18"},{"taxonomy":"product_cat","embeddable":true,"href":"http:\/\/shop.zgjm.sk\/en\/wp-json\/wp\/v2\/product_cat?post=18"},{"taxonomy":"product_tag","embeddable":true,"href":"http:\/\/shop.zgjm.sk\/en\/wp-json\/wp\/v2\/product_tag?post=18"}],"curies":[{"name":"wp","href":"https:\/\/api.w.org\/{rel}","templated":true}]}}