{"id":19,"date":"2021-06-07T11:56:31","date_gmt":"2021-06-07T09:56:31","guid":{"rendered":"http:\/\/shop.zgjm.sk\/?post_type=product&#038;p=19"},"modified":"2026-02-08T10:31:08","modified_gmt":"2026-02-08T08:31:08","slug":"jan-mudroch-vyber-z-maliarskeho-diela","status":"publish","type":"product","link":"http:\/\/shop.zgjm.sk\/en\/product\/jan-mudroch-vyber-z-maliarskeho-diela\/","title":{"rendered":"J\u00e1n Mudroch &#8211; v\u00fdber z maliarskeho diela"},"content":{"rendered":"<p class=\"p1\">Bohat\u00e1 obrazov\u00e1 a fotografick\u00e1 dokument\u00e1cia v\u00fdstavy a \u00faryvky rozhovorov s autorom.<\/p>","protected":false},"excerpt":{"rendered":"<p>Katal\u00f3g k v\u00fdstave J\u00e1na Mudrocha.<\/p>","protected":false},"featured_media":34,"template":"","meta":[],"product_brand":[],"product_cat":[16],"product_tag":[20],"class_list":{"0":"post-19","1":"product","2":"type-product","3":"status-publish","4":"has-post-thumbnail","6":"product_cat-katalog","7":"product_tag-malba","9":"first","10":"instock","11":"taxable","12":"shipping-taxable","13":"purchasable","14":"product-type-simple"},"_links":{"self":[{"href":"http:\/\/shop.zgjm.sk\/en\/wp-json\/wp\/v2\/product\/19","targetHints":{"allow":["GET"]}}],"collection":[{"href":"http:\/\/shop.zgjm.sk\/en\/wp-json\/wp\/v2\/product"}],"about":[{"href":"http:\/\/shop.zgjm.sk\/en\/wp-json\/wp\/v2\/types\/product"}],"version-history":[{"count":2,"href":"http:\/\/shop.zgjm.sk\/en\/wp-json\/wp\/v2\/product\/19\/revisions"}],"predecessor-version":[{"id":351,"href":"http:\/\/shop.zgjm.sk\/en\/wp-json\/wp\/v2\/product\/19\/revisions\/351"}],"wp:featuredmedia":[{"embeddable":true,"href":"http:\/\/shop.zgjm.sk\/en\/wp-json\/wp\/v2\/media\/34"}],"wp:attachment":[{"href":"http:\/\/shop.zgjm.sk\/en\/wp-json\/wp\/v2\/media?parent=19"}],"wp:term":[{"taxonomy":"product_brand","embeddable":true,"href":"http:\/\/shop.zgjm.sk\/en\/wp-json\/wp\/v2\/product_brand?post=19"},{"taxonomy":"product_cat","embeddable":true,"href":"http:\/\/shop.zgjm.sk\/en\/wp-json\/wp\/v2\/product_cat?post=19"},{"taxonomy":"product_tag","embeddable":true,"href":"http:\/\/shop.zgjm.sk\/en\/wp-json\/wp\/v2\/product_tag?post=19"}],"curies":[{"name":"wp","href":"https:\/\/api.w.org\/{rel}","templated":true}]}}