{"id":20,"date":"2021-06-07T11:56:32","date_gmt":"2021-06-07T09:56:32","guid":{"rendered":"http:\/\/shop.zgjm.sk\/?post_type=product&#038;p=20"},"modified":"2021-06-28T20:19:03","modified_gmt":"2021-06-28T18:19:03","slug":"my","status":"publish","type":"product","link":"http:\/\/shop.zgjm.sk\/en\/product\/my\/","title":{"rendered":"MY"},"content":{"rendered":"<p class=\"p3\">V\u00fdstava MY bola spojen\u00edm individu\u00e1lnych umeleck\u00fdch v\u00fdpoved\u00ed v\u00a0kolekt\u00edvnej prezent\u00e1cii. Pret\u00ednali ju dve tematick\u00e9 l\u00ednie: mot\u00edv reflexie spolo\u010densk\u00fdch probl\u00e9mov cez diela autorov a mot\u00edv limitov \u013eudsk\u00e9ho rozumu, resp. jeho schopnos\u0165 nahliada\u0165 na seba kriticky.<\/p>","protected":false},"excerpt":{"rendered":"<p>Katal\u00f3g ku kolekt\u00edvnej v\u00fdstave.<\/p>","protected":false},"featured_media":35,"template":"","meta":[],"product_brand":[],"product_cat":[16],"product_tag":[],"class_list":{"0":"post-20","1":"product","2":"type-product","3":"status-publish","4":"has-post-thumbnail","6":"product_cat-katalog","8":"first","9":"instock","10":"taxable","11":"shipping-taxable","12":"purchasable","13":"product-type-simple"},"_links":{"self":[{"href":"http:\/\/shop.zgjm.sk\/en\/wp-json\/wp\/v2\/product\/20","targetHints":{"allow":["GET"]}}],"collection":[{"href":"http:\/\/shop.zgjm.sk\/en\/wp-json\/wp\/v2\/product"}],"about":[{"href":"http:\/\/shop.zgjm.sk\/en\/wp-json\/wp\/v2\/types\/product"}],"version-history":[{"count":1,"href":"http:\/\/shop.zgjm.sk\/en\/wp-json\/wp\/v2\/product\/20\/revisions"}],"predecessor-version":[{"id":97,"href":"http:\/\/shop.zgjm.sk\/en\/wp-json\/wp\/v2\/product\/20\/revisions\/97"}],"wp:featuredmedia":[{"embeddable":true,"href":"http:\/\/shop.zgjm.sk\/en\/wp-json\/wp\/v2\/media\/35"}],"wp:attachment":[{"href":"http:\/\/shop.zgjm.sk\/en\/wp-json\/wp\/v2\/media?parent=20"}],"wp:term":[{"taxonomy":"product_brand","embeddable":true,"href":"http:\/\/shop.zgjm.sk\/en\/wp-json\/wp\/v2\/product_brand?post=20"},{"taxonomy":"product_cat","embeddable":true,"href":"http:\/\/shop.zgjm.sk\/en\/wp-json\/wp\/v2\/product_cat?post=20"},{"taxonomy":"product_tag","embeddable":true,"href":"http:\/\/shop.zgjm.sk\/en\/wp-json\/wp\/v2\/product_tag?post=20"}],"curies":[{"name":"wp","href":"https:\/\/api.w.org\/{rel}","templated":true}]}}