{"id":21,"date":"2021-06-07T11:56:32","date_gmt":"2021-06-07T09:56:32","guid":{"rendered":"http:\/\/shop.zgjm.sk\/?post_type=product&#038;p=21"},"modified":"2023-11-02T20:51:29","modified_gmt":"2023-11-02T18:51:29","slug":"svati-cyril-a-metod-v-umeni","status":"publish","type":"product","link":"http:\/\/shop.zgjm.sk\/en\/product\/svati-cyril-a-metod-v-umeni\/","title":{"rendered":"Sv\u00e4t\u00ed Cyril a Metod v umen\u00ed"},"content":{"rendered":"<p class=\"p3\">Zborn\u00edk pr\u00edspevkov zo symp\u00f3zia v\u00a0Z\u00e1horskej gal\u00e9rii J\u00e1na Mudrocha v\u00a0Senici pri pr\u00edle\u017eitosti jubilejnej v\u00fdstavy Sv\u00e4t\u00ed Cyril a\u00a0Metod vo v\u00fdtvarnom umen\u00ed. Vydan\u00e9 k\u00a01150. v\u00fdro\u010diu pr\u00edchodu sv\u00e4t\u00fdch Cyrila a\u00a0Metoda na \u00fazemie Slovenska.<\/p>","protected":false},"excerpt":{"rendered":"<p>Zborn\u00edk pr\u00edspevkov zo symp\u00f3zia v Senici.<\/p>","protected":false},"featured_media":36,"template":"","meta":[],"product_brand":[],"product_cat":[18],"product_tag":[],"class_list":{"0":"post-21","1":"product","2":"type-product","3":"status-publish","4":"has-post-thumbnail","6":"product_cat-zbornik","8":"first","9":"instock","10":"taxable","11":"shipping-taxable","12":"purchasable","13":"product-type-simple"},"_links":{"self":[{"href":"http:\/\/shop.zgjm.sk\/en\/wp-json\/wp\/v2\/product\/21","targetHints":{"allow":["GET"]}}],"collection":[{"href":"http:\/\/shop.zgjm.sk\/en\/wp-json\/wp\/v2\/product"}],"about":[{"href":"http:\/\/shop.zgjm.sk\/en\/wp-json\/wp\/v2\/types\/product"}],"version-history":[{"count":4,"href":"http:\/\/shop.zgjm.sk\/en\/wp-json\/wp\/v2\/product\/21\/revisions"}],"predecessor-version":[{"id":350,"href":"http:\/\/shop.zgjm.sk\/en\/wp-json\/wp\/v2\/product\/21\/revisions\/350"}],"wp:featuredmedia":[{"embeddable":true,"href":"http:\/\/shop.zgjm.sk\/en\/wp-json\/wp\/v2\/media\/36"}],"wp:attachment":[{"href":"http:\/\/shop.zgjm.sk\/en\/wp-json\/wp\/v2\/media?parent=21"}],"wp:term":[{"taxonomy":"product_brand","embeddable":true,"href":"http:\/\/shop.zgjm.sk\/en\/wp-json\/wp\/v2\/product_brand?post=21"},{"taxonomy":"product_cat","embeddable":true,"href":"http:\/\/shop.zgjm.sk\/en\/wp-json\/wp\/v2\/product_cat?post=21"},{"taxonomy":"product_tag","embeddable":true,"href":"http:\/\/shop.zgjm.sk\/en\/wp-json\/wp\/v2\/product_tag?post=21"}],"curies":[{"name":"wp","href":"https:\/\/api.w.org\/{rel}","templated":true}]}}