{"id":22,"date":"2021-06-07T11:56:32","date_gmt":"2021-06-07T09:56:32","guid":{"rendered":"http:\/\/shop.zgjm.sk\/?post_type=product&#038;p=22"},"modified":"2021-06-28T20:18:04","modified_gmt":"2021-06-28T18:18:04","slug":"svati-cyril-a-metod-vo-vytvarnom-umeni","status":"publish","type":"product","link":"http:\/\/shop.zgjm.sk\/en\/product\/svati-cyril-a-metod-vo-vytvarnom-umeni\/","title":{"rendered":"Sv\u00e4t\u00ed Cyril a Metod vo v\u00fdtvarnom umen\u00ed"},"content":{"rendered":"<p class=\"p3\">V\u00fdstava venovan\u00e1 1150. v\u00fdro\u010diu pr\u00edchodu vierozvestcov, sv\u00e4t\u00fdch Cyrila a Metoda, na Ve\u013ek\u00fa Moravu. Predch\u00e1dzali jej viacer\u00e9 podujatia (besedy a predn\u00e1\u0161ky v regi\u00f3ne Z\u00e1horia).<\/p>","protected":false},"excerpt":{"rendered":"<p>Katal\u00f3g k v\u00fdstave v K\u00fatoch, ktor\u00e1 prezentovala 34 diel s cyrilo-metodsk\u00fdm n\u00e1metom od 12 autorov.<\/p>","protected":false},"featured_media":37,"template":"","meta":[],"product_brand":[],"product_cat":[16],"product_tag":[20,26],"class_list":{"0":"post-22","1":"product","2":"type-product","3":"status-publish","4":"has-post-thumbnail","6":"product_cat-katalog","7":"product_tag-malba","8":"product_tag-plastika","10":"first","11":"instock","12":"taxable","13":"shipping-taxable","14":"purchasable","15":"product-type-simple"},"_links":{"self":[{"href":"http:\/\/shop.zgjm.sk\/en\/wp-json\/wp\/v2\/product\/22","targetHints":{"allow":["GET"]}}],"collection":[{"href":"http:\/\/shop.zgjm.sk\/en\/wp-json\/wp\/v2\/product"}],"about":[{"href":"http:\/\/shop.zgjm.sk\/en\/wp-json\/wp\/v2\/types\/product"}],"version-history":[{"count":2,"href":"http:\/\/shop.zgjm.sk\/en\/wp-json\/wp\/v2\/product\/22\/revisions"}],"predecessor-version":[{"id":349,"href":"http:\/\/shop.zgjm.sk\/en\/wp-json\/wp\/v2\/product\/22\/revisions\/349"}],"wp:featuredmedia":[{"embeddable":true,"href":"http:\/\/shop.zgjm.sk\/en\/wp-json\/wp\/v2\/media\/37"}],"wp:attachment":[{"href":"http:\/\/shop.zgjm.sk\/en\/wp-json\/wp\/v2\/media?parent=22"}],"wp:term":[{"taxonomy":"product_brand","embeddable":true,"href":"http:\/\/shop.zgjm.sk\/en\/wp-json\/wp\/v2\/product_brand?post=22"},{"taxonomy":"product_cat","embeddable":true,"href":"http:\/\/shop.zgjm.sk\/en\/wp-json\/wp\/v2\/product_cat?post=22"},{"taxonomy":"product_tag","embeddable":true,"href":"http:\/\/shop.zgjm.sk\/en\/wp-json\/wp\/v2\/product_tag?post=22"}],"curies":[{"name":"wp","href":"https:\/\/api.w.org\/{rel}","templated":true}]}}