{"id":23,"date":"2021-06-07T11:56:32","date_gmt":"2021-06-07T09:56:32","guid":{"rendered":"http:\/\/shop.zgjm.sk\/?post_type=product&#038;p=23"},"modified":"2022-10-05T15:58:11","modified_gmt":"2022-10-05T13:58:11","slug":"vii-stretnutie-umelcov-zahoria","status":"publish","type":"product","link":"http:\/\/shop.zgjm.sk\/en\/product\/vii-stretnutie-umelcov-zahoria\/","title":{"rendered":"VII. stretnutie umelcov Z\u00e1horia"},"content":{"rendered":"<p class=\"p1\">Pri pr\u00edle\u017eitosti 35. v\u00fdro\u010dia svojho zalo\u017eenia vydala gal\u00e9ria k rozsiahlej periodickej v\u00fdstave aj mal\u00fd katal\u00f3g. Kur\u00e1tor v\u00fdstavy \u0160tefan Zaj\u00ed\u010dek o nej p\u00ed\u0161e: \u201eV\u00fdstavu charakterizuje \u0161irok\u00fd diapaz\u00f3n v\u00fdtvarn\u00fdch postupov autorov, po\u010dn\u00fac od menej zast\u00fapen\u00fdch realistickej\u0161\u00edch n\u00e1zorov, cez mnohotv\u00e1rne znakov\u00e9 a intermedi\u00e1lne vyjadrenia, a\u017e po abstraktnej\u0161ie fantazijn\u00e9 tvoriv\u00e9 postupy\u201c.<\/p>","protected":false},"excerpt":{"rendered":"<p>Katal\u00f3g v\u00fdstavy k 35. v\u00fdro\u010diu vzniku Z\u00e1horskej gal\u00e9rie J\u00e1na Mudrocha v Senici.<\/p>","protected":false},"featured_media":38,"template":"","meta":[],"product_brand":[],"product_cat":[16],"product_tag":[],"class_list":{"0":"post-23","1":"product","2":"type-product","3":"status-publish","4":"has-post-thumbnail","6":"product_cat-katalog","8":"first","9":"instock","10":"taxable","11":"shipping-taxable","12":"purchasable","13":"product-type-simple"},"_links":{"self":[{"href":"http:\/\/shop.zgjm.sk\/en\/wp-json\/wp\/v2\/product\/23","targetHints":{"allow":["GET"]}}],"collection":[{"href":"http:\/\/shop.zgjm.sk\/en\/wp-json\/wp\/v2\/product"}],"about":[{"href":"http:\/\/shop.zgjm.sk\/en\/wp-json\/wp\/v2\/types\/product"}],"version-history":[{"count":2,"href":"http:\/\/shop.zgjm.sk\/en\/wp-json\/wp\/v2\/product\/23\/revisions"}],"predecessor-version":[{"id":348,"href":"http:\/\/shop.zgjm.sk\/en\/wp-json\/wp\/v2\/product\/23\/revisions\/348"}],"wp:featuredmedia":[{"embeddable":true,"href":"http:\/\/shop.zgjm.sk\/en\/wp-json\/wp\/v2\/media\/38"}],"wp:attachment":[{"href":"http:\/\/shop.zgjm.sk\/en\/wp-json\/wp\/v2\/media?parent=23"}],"wp:term":[{"taxonomy":"product_brand","embeddable":true,"href":"http:\/\/shop.zgjm.sk\/en\/wp-json\/wp\/v2\/product_brand?post=23"},{"taxonomy":"product_cat","embeddable":true,"href":"http:\/\/shop.zgjm.sk\/en\/wp-json\/wp\/v2\/product_cat?post=23"},{"taxonomy":"product_tag","embeddable":true,"href":"http:\/\/shop.zgjm.sk\/en\/wp-json\/wp\/v2\/product_tag?post=23"}],"curies":[{"name":"wp","href":"https:\/\/api.w.org\/{rel}","templated":true}]}}