{"id":24,"date":"2021-06-07T11:56:32","date_gmt":"2021-06-07T09:56:32","guid":{"rendered":"http:\/\/shop.zgjm.sk\/?post_type=product&#038;p=24"},"modified":"2021-06-09T14:34:41","modified_gmt":"2021-06-09T12:34:41","slug":"talenty-9","status":"publish","type":"product","link":"http:\/\/shop.zgjm.sk\/en\/product\/talenty-9\/","title":{"rendered":"Talenty 9"},"content":{"rendered":"<p class=\"p1\"><b>TALENTY<span class=\"Apple-converted-space\"> &#8211; 9. trien\u00e1le posluch\u00e1\u010dov umeleck\u00fdch \u0161k\u00f4l.<\/span><\/b><\/p>\n<p class=\"p3\">Katal\u00f3g k v\u00fdstave 9. trien\u00e1le posluch\u00e1\u010dov umeleck\u00fdch \u0161k\u00f4l. Predstavuje pr\u00e1ce 29 \u0161tudentov z Vysokej \u0161koly m\u00fazick\u00fdch umen\u00ed v Bratislave, Filmovej a telev\u00edznej fakulty a Ateli\u00e9ru animovanej tvorby.\u00a0 Obsahuje bohat\u00fa farebn\u00fa dokument\u00e1ciu.<\/p>","protected":false},"excerpt":{"rendered":"<p class=\"p3\">Farebn\u00e1 dokument\u00e1cia pr\u00e1c 29 \u0161tudentov umeleck\u00fdch \u0161k\u00f4l.<\/p>","protected":false},"featured_media":39,"template":"","meta":[],"product_brand":[],"product_cat":[16],"product_tag":[30,31],"class_list":{"0":"post-24","1":"product","2":"type-product","3":"status-publish","4":"has-post-thumbnail","6":"product_cat-katalog","7":"product_tag-animacia","8":"product_tag-film","10":"first","11":"instock","12":"taxable","13":"shipping-taxable","14":"purchasable","15":"product-type-simple"},"_links":{"self":[{"href":"http:\/\/shop.zgjm.sk\/en\/wp-json\/wp\/v2\/product\/24","targetHints":{"allow":["GET"]}}],"collection":[{"href":"http:\/\/shop.zgjm.sk\/en\/wp-json\/wp\/v2\/product"}],"about":[{"href":"http:\/\/shop.zgjm.sk\/en\/wp-json\/wp\/v2\/types\/product"}],"version-history":[{"count":6,"href":"http:\/\/shop.zgjm.sk\/en\/wp-json\/wp\/v2\/product\/24\/revisions"}],"predecessor-version":[{"id":347,"href":"http:\/\/shop.zgjm.sk\/en\/wp-json\/wp\/v2\/product\/24\/revisions\/347"}],"wp:featuredmedia":[{"embeddable":true,"href":"http:\/\/shop.zgjm.sk\/en\/wp-json\/wp\/v2\/media\/39"}],"wp:attachment":[{"href":"http:\/\/shop.zgjm.sk\/en\/wp-json\/wp\/v2\/media?parent=24"}],"wp:term":[{"taxonomy":"product_brand","embeddable":true,"href":"http:\/\/shop.zgjm.sk\/en\/wp-json\/wp\/v2\/product_brand?post=24"},{"taxonomy":"product_cat","embeddable":true,"href":"http:\/\/shop.zgjm.sk\/en\/wp-json\/wp\/v2\/product_cat?post=24"},{"taxonomy":"product_tag","embeddable":true,"href":"http:\/\/shop.zgjm.sk\/en\/wp-json\/wp\/v2\/product_tag?post=24"}],"curies":[{"name":"wp","href":"https:\/\/api.w.org\/{rel}","templated":true}]}}