{"id":25,"date":"2021-06-07T11:56:32","date_gmt":"2021-06-07T09:56:32","guid":{"rendered":"http:\/\/shop.zgjm.sk\/?post_type=product&#038;p=25"},"modified":"2023-11-02T18:25:34","modified_gmt":"2023-11-02T16:25:34","slug":"talenty-10","status":"publish","type":"product","link":"http:\/\/shop.zgjm.sk\/en\/product\/talenty-10\/","title":{"rendered":"Talenty 10"},"content":{"rendered":"<p class=\"p1\"><b>TALENTY &#8211; 10. trien\u00e1le posluch\u00e1\u010dov umeleck\u00fdch \u0161k\u00f4l<\/b><\/p>\n<p class=\"p3\">Katedra dizajnu n\u00e1bytku a interi\u00e9ru Drev\u00e1rskej fakulty Technickej univerzity vo Zvolene.<\/p>\n<p class=\"p3\">\u0160tudenti svojimi pr\u00e1cami pribl\u00ed\u017eili nov\u00e9 koncepcie dizajnu n\u00e1bytkov\u00fdch prvkov, generovanie \u0161pecifick\u00fdch vlastnost\u00ed dreva do novej kvality dizajnu obytn\u00e9ho prostredia a\u00a0v\u00fdskum historick\u00fdch aspektov n\u00e1bytkovej a\u00a0interi\u00e9rovej tvorby.<\/p>","protected":false},"excerpt":{"rendered":"<p>Katal\u00f3g n\u00e1bytkovej a\u00a0interi\u00e9rovej tvorby posluch\u00e1\u010dov umeleck\u00fdch \u0161k\u00f4l.<\/p>","protected":false},"featured_media":40,"template":"","meta":[],"product_brand":[],"product_cat":[16],"product_tag":[23],"class_list":{"0":"post-25","1":"product","2":"type-product","3":"status-publish","4":"has-post-thumbnail","6":"product_cat-katalog","7":"product_tag-dizajn","9":"first","10":"instock","11":"taxable","12":"shipping-taxable","13":"purchasable","14":"product-type-simple"},"_links":{"self":[{"href":"http:\/\/shop.zgjm.sk\/en\/wp-json\/wp\/v2\/product\/25","targetHints":{"allow":["GET"]}}],"collection":[{"href":"http:\/\/shop.zgjm.sk\/en\/wp-json\/wp\/v2\/product"}],"about":[{"href":"http:\/\/shop.zgjm.sk\/en\/wp-json\/wp\/v2\/types\/product"}],"version-history":[{"count":2,"href":"http:\/\/shop.zgjm.sk\/en\/wp-json\/wp\/v2\/product\/25\/revisions"}],"predecessor-version":[{"id":346,"href":"http:\/\/shop.zgjm.sk\/en\/wp-json\/wp\/v2\/product\/25\/revisions\/346"}],"wp:featuredmedia":[{"embeddable":true,"href":"http:\/\/shop.zgjm.sk\/en\/wp-json\/wp\/v2\/media\/40"}],"wp:attachment":[{"href":"http:\/\/shop.zgjm.sk\/en\/wp-json\/wp\/v2\/media?parent=25"}],"wp:term":[{"taxonomy":"product_brand","embeddable":true,"href":"http:\/\/shop.zgjm.sk\/en\/wp-json\/wp\/v2\/product_brand?post=25"},{"taxonomy":"product_cat","embeddable":true,"href":"http:\/\/shop.zgjm.sk\/en\/wp-json\/wp\/v2\/product_cat?post=25"},{"taxonomy":"product_tag","embeddable":true,"href":"http:\/\/shop.zgjm.sk\/en\/wp-json\/wp\/v2\/product_tag?post=25"}],"curies":[{"name":"wp","href":"https:\/\/api.w.org\/{rel}","templated":true}]}}