{"id":26,"date":"2021-06-07T11:56:33","date_gmt":"2021-06-07T09:56:33","guid":{"rendered":"http:\/\/shop.zgjm.sk\/?post_type=product&#038;p=26"},"modified":"2026-02-16T20:40:09","modified_gmt":"2026-02-16T18:40:09","slug":"zeny-vytvarnicky-v-slovenskom-umeni","status":"publish","type":"product","link":"http:\/\/shop.zgjm.sk\/en\/product\/zeny-vytvarnicky-v-slovenskom-umeni\/","title":{"rendered":"\u017deny v\u00fdtvarn\u00ed\u010dky v Slovenskom umen\u00ed"},"content":{"rendered":"<p class=\"p3\">Zborn\u00edk pr\u00edspevkov zo symp\u00f3zia, usporiadan\u00e9ho pri pr\u00edle\u017eitosti v\u00fdstavy k 90. narodenin\u00e1m akademickej maliarky O\u013egy Barto\u0161\u00edkovej, je venovan\u00fd tvorivej aktivite slovensk\u00fdch v\u00fdtvarn\u00ed\u010dok. Ide o Ester \u0160imerov\u00fa Martin\u010dekov\u00fa, Vieru Krajcov\u00fa, Jarmilu \u010cih\u00e1nkov\u00fa, Tamaru Klimov\u00fa a\u00a0O\u013egu Barto\u0161\u00edkov\u00fa.<\/p>","protected":false},"excerpt":{"rendered":"<p>Zborn\u00edk zo symp\u00f3zia venovan\u00e9ho tvorivej aktivite Ester \u0160imerovej Martin\u010dekovej, Viery Krajcovej, Jarmily \u010cih\u00e1nkovej, Tamary Klimovej a O\u013egy Barto\u0161\u00edkovej.<\/p>","protected":false},"featured_media":41,"template":"","meta":[],"product_brand":[],"product_cat":[18],"product_tag":[20],"class_list":{"0":"post-26","1":"product","2":"type-product","3":"status-publish","4":"has-post-thumbnail","6":"product_cat-zbornik","7":"product_tag-malba","9":"first","10":"instock","11":"taxable","12":"shipping-taxable","13":"purchasable","14":"product-type-simple"},"_links":{"self":[{"href":"http:\/\/shop.zgjm.sk\/en\/wp-json\/wp\/v2\/product\/26","targetHints":{"allow":["GET"]}}],"collection":[{"href":"http:\/\/shop.zgjm.sk\/en\/wp-json\/wp\/v2\/product"}],"about":[{"href":"http:\/\/shop.zgjm.sk\/en\/wp-json\/wp\/v2\/types\/product"}],"version-history":[{"count":4,"href":"http:\/\/shop.zgjm.sk\/en\/wp-json\/wp\/v2\/product\/26\/revisions"}],"predecessor-version":[{"id":342,"href":"http:\/\/shop.zgjm.sk\/en\/wp-json\/wp\/v2\/product\/26\/revisions\/342"}],"wp:featuredmedia":[{"embeddable":true,"href":"http:\/\/shop.zgjm.sk\/en\/wp-json\/wp\/v2\/media\/41"}],"wp:attachment":[{"href":"http:\/\/shop.zgjm.sk\/en\/wp-json\/wp\/v2\/media?parent=26"}],"wp:term":[{"taxonomy":"product_brand","embeddable":true,"href":"http:\/\/shop.zgjm.sk\/en\/wp-json\/wp\/v2\/product_brand?post=26"},{"taxonomy":"product_cat","embeddable":true,"href":"http:\/\/shop.zgjm.sk\/en\/wp-json\/wp\/v2\/product_cat?post=26"},{"taxonomy":"product_tag","embeddable":true,"href":"http:\/\/shop.zgjm.sk\/en\/wp-json\/wp\/v2\/product_tag?post=26"}],"curies":[{"name":"wp","href":"https:\/\/api.w.org\/{rel}","templated":true}]}}